{"id":159,"date":"2020-07-24T10:42:10","date_gmt":"2020-07-24T08:42:10","guid":{"rendered":"https:\/\/maopika.com\/?page_id=159"},"modified":"2023-01-25T16:04:44","modified_gmt":"2023-01-25T15:04:44","slug":"politique-de-cookies","status":"publish","type":"page","link":"https:\/\/maopika.com\/en\/politique-de-cookies\/","title":{"rendered":"Cookies policy"},"content":{"rendered":"<p>By visiting our website and using our services, you understand and agree to the way we treat personal data in accordance with our privacy policy. We respect your privacy and the right to control your personal data.<\/p>\n\n\n\n<p>Cookies are small amounts of information stored in files within your computer's browser. Cookies can be accessed and saved by the websites you visit. Websites can only access the cookies they have stored on your computer.<\/p>\n\n\n\n<p>By using the Website, you consent to the use of cookies placed  by our Site.<\/p>\n\n\n\n<p>The website uses cookies for the following reasons :<\/p>\n\n\n\n<ul class=\"wp-block-list\">\n<li><strong>Use of the website :<\/strong>&nbsp;to help us recognize your browser as that of a previous visitor and to record the preferences you set during your previous visit to the Site. For example, we may save your login information so that you do not have to login each time you visit the Site;<\/li>\n\n\n\n<li><strong>Audience measurement :&nbsp;<\/strong>to track Site usage statistics (i.e., users' use of the Site and to improve Site services) and to help us measure and study the effectiveness of our online interactive content, features, advertising and other communications.<\/li>\n<\/ul>\n\n\n\n<p><strong><u>Your Choices About Cookies and Web Tags<\/u><\/strong><\/p>\n\n\n\n<p>You have the choice of configuring your browser to accept all cookies, reject all cookies, notify you when a cookie is issued, the duration of its validity and its content, as well as to allow you to refuse its registration in your terminal, and delete your cookies periodically.<\/p>\n\n\n\n<p>You can set your web browser to disable cookies. Please note, however, that if you disable cookies, your user name and password will no longer be saved on any website. For more information on methods to delete and control cookies stored on your computer, please visit the following site: http:\/\/www.allaboutcookies.org\/fr\/.<\/p>","protected":false},"excerpt":{"rendered":"<p>En visitant notre site Web et en utilisant nos services, vous comprenez et acceptez la fa\u00e7on dont nous traitons les donn\u00e9es personnelles conform\u00e9ment \u00e0 notre politique de confidentialit\u00e9. Nous respectons votre vie priv\u00e9e et le droit de contr\u00f4ler vos donn\u00e9es personnelles. Les cookies sont de petites quantit\u00e9s d\u2019informations stock\u00e9es dans des fichiers au sein m\u00eame [&hellip;]<\/p>\n","protected":false},"author":1,"featured_media":0,"parent":0,"menu_order":0,"comment_status":"closed","ping_status":"closed","template":"","meta":{"_monsterinsights_skip_tracking":false,"_monsterinsights_sitenote_active":false,"_monsterinsights_sitenote_note":"","_monsterinsights_sitenote_category":0,"site-sidebar-layout":"default","site-content-layout":"default","ast-site-content-layout":"default","site-content-style":"default","site-sidebar-style":"default","ast-global-header-display":"","ast-banner-title-visibility":"","ast-main-header-display":"","ast-hfb-above-header-display":"","ast-hfb-below-header-display":"","ast-hfb-mobile-header-display":"","site-post-title":"","ast-breadcrumbs-content":"","ast-featured-img":"","footer-sml-layout":"","ast-disable-related-posts":"","theme-transparent-header-meta":"default","adv-header-id-meta":"","stick-header-meta":"","header-above-stick-meta":"","header-main-stick-meta":"","header-below-stick-meta":"","astra-migrate-meta-layouts":"default","ast-page-background-enabled":"default","ast-page-background-meta":{"desktop":{"background-color":"","background-image":"","background-repeat":"repeat","background-position":"center center","background-size":"auto","background-attachment":"scroll","background-type":"","background-media":"","overlay-type":"","overlay-color":"","overlay-opacity":"","overlay-gradient":""},"tablet":{"background-color":"","background-image":"","background-repeat":"repeat","background-position":"center center","background-size":"auto","background-attachment":"scroll","background-type":"","background-media":"","overlay-type":"","overlay-color":"","overlay-opacity":"","overlay-gradient":""},"mobile":{"background-color":"","background-image":"","background-repeat":"repeat","background-position":"center center","background-size":"auto","background-attachment":"scroll","background-type":"","background-media":"","overlay-type":"","overlay-color":"","overlay-opacity":"","overlay-gradient":""}},"ast-content-background-meta":{"desktop":{"background-color":"var(--ast-global-color-5)","background-image":"","background-repeat":"repeat","background-position":"center center","background-size":"auto","background-attachment":"scroll","background-type":"","background-media":"","overlay-type":"","overlay-color":"","overlay-opacity":"","overlay-gradient":""},"tablet":{"background-color":"var(--ast-global-color-5)","background-image":"","background-repeat":"repeat","background-position":"center center","background-size":"auto","background-attachment":"scroll","background-type":"","background-media":"","overlay-type":"","overlay-color":"","overlay-opacity":"","overlay-gradient":""},"mobile":{"background-color":"var(--ast-global-color-5)","background-image":"","background-repeat":"repeat","background-position":"center center","background-size":"auto","background-attachment":"scroll","background-type":"","background-media":"","overlay-type":"","overlay-color":"","overlay-opacity":"","overlay-gradient":""}},"footnotes":""},"class_list":["post-159","page","type-page","status-publish","hentry"],"aioseo_notices":[],"_links":{"self":[{"href":"https:\/\/maopika.com\/en\/wp-json\/wp\/v2\/pages\/159","targetHints":{"allow":["GET"]}}],"collection":[{"href":"https:\/\/maopika.com\/en\/wp-json\/wp\/v2\/pages"}],"about":[{"href":"https:\/\/maopika.com\/en\/wp-json\/wp\/v2\/types\/page"}],"author":[{"embeddable":true,"href":"https:\/\/maopika.com\/en\/wp-json\/wp\/v2\/users\/1"}],"replies":[{"embeddable":true,"href":"https:\/\/maopika.com\/en\/wp-json\/wp\/v2\/comments?post=159"}],"version-history":[{"count":1,"href":"https:\/\/maopika.com\/en\/wp-json\/wp\/v2\/pages\/159\/revisions"}],"predecessor-version":[{"id":4310,"href":"https:\/\/maopika.com\/en\/wp-json\/wp\/v2\/pages\/159\/revisions\/4310"}],"wp:attachment":[{"href":"https:\/\/maopika.com\/en\/wp-json\/wp\/v2\/media?parent=159"}],"curies":[{"name":"wp","href":"https:\/\/api.w.org\/{rel}","templated":true}]}}