{"id":40,"date":"2020-07-02T13:18:16","date_gmt":"2020-07-02T11:18:16","guid":{"rendered":"https:\/\/maopika.com\/?page_id=40"},"modified":"2023-01-25T15:57:05","modified_gmt":"2023-01-25T14:57:05","slug":"paiement-envoi","status":"publish","type":"page","link":"https:\/\/maopika.com\/en\/paiement-envoi\/","title":{"rendered":"Payment and Shipping"},"content":{"rendered":"<p><strong>1. Website security<\/strong><\/p>\n\n\n\n<p>The website www.maopika.com is fully secured by an SSL certificate that encrypts the exchanges.<\/p>\n\n\n\n<p><strong>2. Payment method<\/strong><\/p>\n\n\n\n<p>The shop offers you 2 methods of payment:<\/p>\n\n\n\n<ul class=\"wp-block-list\">\n<li>Paypal: The payment is fully secured by Paypal. You are also protected by the purchase protection.<\/li>\n<\/ul>\n\n\n\n<ul class=\"wp-block-list\">\n<li>Credit card: The payment is fully secured by the payment module of the company Stripe.<\/li>\n<\/ul>\n\n\n\n<p><strong>3. Delivery<\/strong><\/p>\n\n\n\n<p>Maopika can deliver all worldwide.<\/p>\n\n\n\n<p>Tariffs are updated every year when La Poste's tariff grid is increased.<\/p>\n\n\n\n<p>Non-bulky orders are shipped by Letter with Tracking option.<\/p>\n\n\n\n<ul class=\"wp-block-list\">\n<li>Delivery without tracking, you will not receive a tracking number. We are therefore not responsible in case of non-receipt of the package.<\/li>\n<\/ul>\n\n\n\n<ul class=\"wp-block-list\">\n<li>Delivery with tracking, you will receive your tracking number as soon as possible.<\/li>\n<\/ul>\n\n\n\n<p>Orders are generally shipped within 7 working days maximum after receipt of payment.  Once your order has been shipped, the delivery time for France is 2 to 4 working days on average and about one to two weeks for international shipping. Maopika is not responsible for the refusal of delivery by La Poste nor for the delay of delivery or the loss of a parcel.<\/p>\n\n\n\n<p>For items made to order the production time varies according to the size of the order but also the part to be made. It takes three to four days to manufacture (time to be added to the shipping and delivery times).<\/p>\n\n\n\n<p>Note: For any error in the information (name, first name, address...) provided when placing your order, Maopika invites you to contact us within 24 hours. After this delay, your order is likely to have been shipped.<\/p>\n\n\n\n<p>If you have any questions, please contact us by e-mail \" contact@maopika.com \" or via the \" Contact \" section.<\/p>","protected":false},"excerpt":{"rendered":"<p>1. S\u00e9curit\u00e9 du site internet Le site internet www.maopika.com est enti\u00e8rement s\u00e9curis\u00e9 par un certificat SSL qui permet de chiffrer les \u00e9changes. 2. Mode de paiement La boutique met \u00e0 votre disposition 2 modes de paiement&nbsp;: 3. Livraison Maopika propose la livraison dans le monde entier. Les tarifs sont recalcul\u00e9s&nbsp;chaque ann\u00e9e lors de la hausse [&hellip;]<\/p>\n","protected":false},"author":1,"featured_media":0,"parent":0,"menu_order":0,"comment_status":"closed","ping_status":"closed","template":"","meta":{"_monsterinsights_skip_tracking":false,"_monsterinsights_sitenote_active":false,"_monsterinsights_sitenote_note":"","_monsterinsights_sitenote_category":0,"site-sidebar-layout":"default","site-content-layout":"default","ast-site-content-layout":"default","site-content-style":"default","site-sidebar-style":"default","ast-global-header-display":"","ast-banner-title-visibility":"","ast-main-header-display":"","ast-hfb-above-header-display":"","ast-hfb-below-header-display":"","ast-hfb-mobile-header-display":"","site-post-title":"","ast-breadcrumbs-content":"","ast-featured-img":"","footer-sml-layout":"","ast-disable-related-posts":"","theme-transparent-header-meta":"default","adv-header-id-meta":"","stick-header-meta":"","header-above-stick-meta":"","header-main-stick-meta":"","header-below-stick-meta":"","astra-migrate-meta-layouts":"default","ast-page-background-enabled":"default","ast-page-background-meta":{"desktop":{"background-color":"","background-image":"","background-repeat":"repeat","background-position":"center center","background-size":"auto","background-attachment":"scroll","background-type":"","background-media":"","overlay-type":"","overlay-color":"","overlay-opacity":"","overlay-gradient":""},"tablet":{"background-color":"","background-image":"","background-repeat":"repeat","background-position":"center center","background-size":"auto","background-attachment":"scroll","background-type":"","background-media":"","overlay-type":"","overlay-color":"","overlay-opacity":"","overlay-gradient":""},"mobile":{"background-color":"","background-image":"","background-repeat":"repeat","background-position":"center center","background-size":"auto","background-attachment":"scroll","background-type":"","background-media":"","overlay-type":"","overlay-color":"","overlay-opacity":"","overlay-gradient":""}},"ast-content-background-meta":{"desktop":{"background-color":"var(--ast-global-color-5)","background-image":"","background-repeat":"repeat","background-position":"center center","background-size":"auto","background-attachment":"scroll","background-type":"","background-media":"","overlay-type":"","overlay-color":"","overlay-opacity":"","overlay-gradient":""},"tablet":{"background-color":"var(--ast-global-color-5)","background-image":"","background-repeat":"repeat","background-position":"center center","background-size":"auto","background-attachment":"scroll","background-type":"","background-media":"","overlay-type":"","overlay-color":"","overlay-opacity":"","overlay-gradient":""},"mobile":{"background-color":"var(--ast-global-color-5)","background-image":"","background-repeat":"repeat","background-position":"center center","background-size":"auto","background-attachment":"scroll","background-type":"","background-media":"","overlay-type":"","overlay-color":"","overlay-opacity":"","overlay-gradient":""}},"footnotes":""},"class_list":["post-40","page","type-page","status-publish","hentry"],"aioseo_notices":[],"_links":{"self":[{"href":"https:\/\/maopika.com\/en\/wp-json\/wp\/v2\/pages\/40","targetHints":{"allow":["GET"]}}],"collection":[{"href":"https:\/\/maopika.com\/en\/wp-json\/wp\/v2\/pages"}],"about":[{"href":"https:\/\/maopika.com\/en\/wp-json\/wp\/v2\/types\/page"}],"author":[{"embeddable":true,"href":"https:\/\/maopika.com\/en\/wp-json\/wp\/v2\/users\/1"}],"replies":[{"embeddable":true,"href":"https:\/\/maopika.com\/en\/wp-json\/wp\/v2\/comments?post=40"}],"version-history":[{"count":1,"href":"https:\/\/maopika.com\/en\/wp-json\/wp\/v2\/pages\/40\/revisions"}],"predecessor-version":[{"id":4306,"href":"https:\/\/maopika.com\/en\/wp-json\/wp\/v2\/pages\/40\/revisions\/4306"}],"wp:attachment":[{"href":"https:\/\/maopika.com\/en\/wp-json\/wp\/v2\/media?parent=40"}],"curies":[{"name":"wp","href":"https:\/\/api.w.org\/{rel}","templated":true}]}}