{"id":44,"date":"2020-07-02T13:21:35","date_gmt":"2020-07-02T11:21:35","guid":{"rendered":"https:\/\/maopika.com\/?page_id=44"},"modified":"2023-01-25T16:02:29","modified_gmt":"2023-01-25T15:02:29","slug":"politique-de-confidentialite","status":"publish","type":"page","link":"https:\/\/maopika.com\/en\/politique-de-confidentialite\/","title":{"rendered":"Privacy policy"},"content":{"rendered":"<p><strong>Confidentiality rules<\/strong><\/p>\n\n\n\n<div class=\"inherit-container-width wp-block-group is-layout-constrained wp-block-group-is-layout-constrained\"><div class=\"wp-block-group__inner-container\">\n<p>With the development of new communication tools, it's necessary to give special attention to the protection of privacy. This is why the company is committed to respecting the confidentiality of the personal information it collects. <\/p>\n\n\n\n<p>Personal information is collected through the interactivity between you and the shop.<\/p>\n<\/div><\/div>\n\n\n\n<p>By creating an account and ordering the following information can be provided: <\/p>\n\n\n\n<ul class=\"wp-block-list\">\n<li>Name<\/li>\n\n\n\n<li>First name<\/li>\n\n\n\n<li>Postal address<\/li>\n\n\n\n<li>E-mail address<\/li>\n\n\n\n<li>Phone number<\/li>\n\n\n\n<li>- Birth date<\/li>\n\n\n\n<li>Sexe<\/li>\n<\/ul>\n\n\n\n<p>I use the information collected for the purposes listed below:<\/p>\n\n\n\n<ul class=\"wp-block-list\">\n<li>Follow up of orders<\/li>\n\n\n\n<li>Information \/ Special Offers<\/li>\n\n\n\n<li>Statistics<\/li>\n\n\n\n<li>Contact<\/li>\n<\/ul>\n\n\n\n<div class=\"inherit-container-width wp-block-group is-layout-constrained wp-block-group-is-layout-constrained\"><div class=\"wp-block-group__inner-container\">\n<div class=\"inherit-container-width wp-block-group is-layout-constrained wp-block-group-is-layout-constrained\"><div class=\"wp-block-group__inner-container\">\n<p>They are stored for the duration of the contractual relationship and are intended for Maopika, as well as for third party companies (in particular for transport and payment).<\/p>\n\n\n\n<p>Maopika promises to recognize a right of access and rectification to the persons concerned who wish to consult, modify or even delete information concerning them.<\/p>\n\n\n\n<p>The practice of this right will be done by email at the following address, <a href=\"mailto:maopika@contact.fr\">maopika@contact.fr<\/a>.<\/p>\n<\/div><\/div>\n<\/div><\/div>","protected":false},"excerpt":{"rendered":"<p>R\u00e8glement concernant la confidentialit\u00e9 Devant le d\u00e9veloppement des nouveaux outils de communication, il est n\u00e9cessaire de porter une attention particuli\u00e8re \u00e0 la protection de la vie priv\u00e9e. C&rsquo;est pourquoi, la soci\u00e9t\u00e9 s\u2019engage \u00e0 respecter la confidentialit\u00e9 des renseignements personnels qu\u2019elle collecte. Les renseignements personnels collect\u00e9s sont recueillis gr\u00e2ce \u00e0 l&rsquo;interactivit\u00e9 \u00e9tablie entre vous et la [&hellip;]<\/p>\n","protected":false},"author":1,"featured_media":0,"parent":0,"menu_order":0,"comment_status":"closed","ping_status":"closed","template":"","meta":{"_monsterinsights_skip_tracking":false,"_monsterinsights_sitenote_active":false,"_monsterinsights_sitenote_note":"","_monsterinsights_sitenote_category":0,"site-sidebar-layout":"default","site-content-layout":"default","ast-site-content-layout":"default","site-content-style":"default","site-sidebar-style":"default","ast-global-header-display":"","ast-banner-title-visibility":"","ast-main-header-display":"","ast-hfb-above-header-display":"","ast-hfb-below-header-display":"","ast-hfb-mobile-header-display":"","site-post-title":"","ast-breadcrumbs-content":"","ast-featured-img":"","footer-sml-layout":"","ast-disable-related-posts":"","theme-transparent-header-meta":"default","adv-header-id-meta":"","stick-header-meta":"","header-above-stick-meta":"","header-main-stick-meta":"","header-below-stick-meta":"","astra-migrate-meta-layouts":"default","ast-page-background-enabled":"default","ast-page-background-meta":{"desktop":{"background-color":"","background-image":"","background-repeat":"repeat","background-position":"center center","background-size":"auto","background-attachment":"scroll","background-type":"","background-media":"","overlay-type":"","overlay-color":"","overlay-opacity":"","overlay-gradient":""},"tablet":{"background-color":"","background-image":"","background-repeat":"repeat","background-position":"center center","background-size":"auto","background-attachment":"scroll","background-type":"","background-media":"","overlay-type":"","overlay-color":"","overlay-opacity":"","overlay-gradient":""},"mobile":{"background-color":"","background-image":"","background-repeat":"repeat","background-position":"center center","background-size":"auto","background-attachment":"scroll","background-type":"","background-media":"","overlay-type":"","overlay-color":"","overlay-opacity":"","overlay-gradient":""}},"ast-content-background-meta":{"desktop":{"background-color":"var(--ast-global-color-5)","background-image":"","background-repeat":"repeat","background-position":"center center","background-size":"auto","background-attachment":"scroll","background-type":"","background-media":"","overlay-type":"","overlay-color":"","overlay-opacity":"","overlay-gradient":""},"tablet":{"background-color":"var(--ast-global-color-5)","background-image":"","background-repeat":"repeat","background-position":"center center","background-size":"auto","background-attachment":"scroll","background-type":"","background-media":"","overlay-type":"","overlay-color":"","overlay-opacity":"","overlay-gradient":""},"mobile":{"background-color":"var(--ast-global-color-5)","background-image":"","background-repeat":"repeat","background-position":"center center","background-size":"auto","background-attachment":"scroll","background-type":"","background-media":"","overlay-type":"","overlay-color":"","overlay-opacity":"","overlay-gradient":""}},"footnotes":""},"class_list":["post-44","page","type-page","status-publish","hentry"],"aioseo_notices":[],"_links":{"self":[{"href":"https:\/\/maopika.com\/en\/wp-json\/wp\/v2\/pages\/44","targetHints":{"allow":["GET"]}}],"collection":[{"href":"https:\/\/maopika.com\/en\/wp-json\/wp\/v2\/pages"}],"about":[{"href":"https:\/\/maopika.com\/en\/wp-json\/wp\/v2\/types\/page"}],"author":[{"embeddable":true,"href":"https:\/\/maopika.com\/en\/wp-json\/wp\/v2\/users\/1"}],"replies":[{"embeddable":true,"href":"https:\/\/maopika.com\/en\/wp-json\/wp\/v2\/comments?post=44"}],"version-history":[{"count":1,"href":"https:\/\/maopika.com\/en\/wp-json\/wp\/v2\/pages\/44\/revisions"}],"predecessor-version":[{"id":4309,"href":"https:\/\/maopika.com\/en\/wp-json\/wp\/v2\/pages\/44\/revisions\/4309"}],"wp:attachment":[{"href":"https:\/\/maopika.com\/en\/wp-json\/wp\/v2\/media?parent=44"}],"curies":[{"name":"wp","href":"https:\/\/api.w.org\/{rel}","templated":true}]}}