{"id":8811,"date":"2025-08-28T11:20:17","date_gmt":"2025-08-28T09:20:17","guid":{"rendered":"https:\/\/maopika.com\/?page_id=8811"},"modified":"2025-08-28T15:35:31","modified_gmt":"2025-08-28T13:35:31","slug":"qui-est-maopika","status":"publish","type":"page","link":"https:\/\/maopika.com\/en\/qui-est-maopika\/","title":{"rendered":"Who is Maopika?"},"content":{"rendered":"<div data-elementor-type=\"wp-page\" data-elementor-id=\"8811\" class=\"elementor elementor-8811\" data-elementor-post-type=\"page\">\n\t\t\t\t\t\t<section class=\"elementor-section elementor-top-section elementor-element elementor-element-84149c8 elementor-section-boxed elementor-section-height-default elementor-section-height-default\" data-id=\"84149c8\" data-element_type=\"section\" data-e-type=\"section\">\n\t\t\t\t\t\t<div class=\"elementor-container elementor-column-gap-default\">\n\t\t\t\t\t<div class=\"elementor-column elementor-col-100 elementor-top-column elementor-element elementor-element-d1e5599\" data-id=\"d1e5599\" data-element_type=\"column\" data-e-type=\"column\">\n\t\t\t<div class=\"elementor-widget-wrap elementor-element-populated\">\n\t\t\t\t\t\t<div class=\"elementor-element elementor-element-e2450f2 elementor-widget elementor-widget-spacer\" data-id=\"e2450f2\" data-element_type=\"widget\" data-e-type=\"widget\" data-widget_type=\"spacer.default\">\n\t\t\t\t<div class=\"elementor-widget-container\">\n\t\t\t\t\t\t\t<div class=\"elementor-spacer\">\n\t\t\t<div class=\"elementor-spacer-inner\"><\/div>\n\t\t<\/div>\n\t\t\t\t\t\t<\/div>\n\t\t\t\t<\/div>\n\t\t\t\t<section class=\"elementor-section elementor-inner-section elementor-element elementor-element-0dbed0f elementor-section-boxed elementor-section-height-default elementor-section-height-default\" data-id=\"0dbed0f\" data-element_type=\"section\" data-e-type=\"section\">\n\t\t\t\t\t\t<div class=\"elementor-container elementor-column-gap-default\">\n\t\t\t\t\t<div class=\"elementor-column elementor-col-66 elementor-inner-column elementor-element elementor-element-a724dc6\" data-id=\"a724dc6\" data-element_type=\"column\" data-e-type=\"column\">\n\t\t\t<div class=\"elementor-widget-wrap elementor-element-populated\">\n\t\t\t\t\t\t<div class=\"elementor-element elementor-element-914ebc7 elementor-widget__width-initial elementor-widget elementor-widget-image\" data-id=\"914ebc7\" data-element_type=\"widget\" data-e-type=\"widget\" data-widget_type=\"image.default\">\n\t\t\t\t<div class=\"elementor-widget-container\">\n\t\t\t\t\t\t\t\t\t\t\t\t\t\t\t<img fetchpriority=\"high\" decoding=\"async\" width=\"750\" height=\"530\" src=\"https:\/\/maopika.com\/wp-content\/uploads\/2025\/08\/Copie-de-Sans-titre-750x530.png\" class=\"attachment-large size-large wp-image-8837\" alt=\"\" srcset=\"https:\/\/maopika.com\/wp-content\/uploads\/2025\/08\/Copie-de-Sans-titre-750x530.png 750w, https:\/\/maopika.com\/wp-content\/uploads\/2025\/08\/Copie-de-Sans-titre-450x318.png 450w, https:\/\/maopika.com\/wp-content\/uploads\/2025\/08\/Copie-de-Sans-titre-768x543.png 768w, https:\/\/maopika.com\/wp-content\/uploads\/2025\/08\/Copie-de-Sans-titre-1536x1086.png 1536w, https:\/\/maopika.com\/wp-content\/uploads\/2025\/08\/Copie-de-Sans-titre-2048x1448.png 2048w, https:\/\/maopika.com\/wp-content\/uploads\/2025\/08\/Copie-de-Sans-titre-18x12.png 18w, https:\/\/maopika.com\/wp-content\/uploads\/2025\/08\/Copie-de-Sans-titre-800x566.png 800w, https:\/\/maopika.com\/wp-content\/uploads\/2025\/08\/Copie-de-Sans-titre-1000x707.png 1000w\" sizes=\"(max-width: 750px) 100vw, 750px\" \/>\t\t\t\t\t\t\t\t\t\t\t\t\t\t\t<\/div>\n\t\t\t\t<\/div>\n\t\t\t\t\t<\/div>\n\t\t<\/div>\n\t\t\t\t<div class=\"elementor-column elementor-col-33 elementor-inner-column elementor-element elementor-element-9b82385\" data-id=\"9b82385\" data-element_type=\"column\" data-e-type=\"column\">\n\t\t\t<div class=\"elementor-widget-wrap elementor-element-populated\">\n\t\t\t\t\t\t<div class=\"elementor-element elementor-element-7168174 elementor-widget elementor-widget-spacer\" data-id=\"7168174\" data-element_type=\"widget\" data-e-type=\"widget\" data-widget_type=\"spacer.default\">\n\t\t\t\t<div class=\"elementor-widget-container\">\n\t\t\t\t\t\t\t<div class=\"elementor-spacer\">\n\t\t\t<div class=\"elementor-spacer-inner\"><\/div>\n\t\t<\/div>\n\t\t\t\t\t\t<\/div>\n\t\t\t\t<\/div>\n\t\t\t\t<div class=\"elementor-element elementor-element-00f5b52 elementor-widget elementor-widget-text-editor\" data-id=\"00f5b52\" data-element_type=\"widget\" data-e-type=\"widget\" data-widget_type=\"text-editor.default\">\n\t\t\t\t<div class=\"elementor-widget-container\">\n\t\t\t\t\t\t\t\t\t<h4>Maopika , it's me, Marie\ud83c\udf89<\/h4><p>Mao is my name in Japanese.<br \/>And Pika is a nickname inspired by a famous yellow mouse \u26a1<br \/>I just combined two of my nicknames to create this name \ud83e\udd2d<\/p>\t\t\t\t\t\t\t\t<\/div>\n\t\t\t\t<\/div>\n\t\t\t\t<div class=\"elementor-element elementor-element-e572471 elementor-widget elementor-widget-text-editor\" data-id=\"e572471\" data-element_type=\"widget\" data-e-type=\"widget\" data-widget_type=\"text-editor.default\">\n\t\t\t\t<div class=\"elementor-widget-container\">\n\t\t\t\t\t\t\t\t\t<p>I 've always loved creating things. As a child, I spent my time drawing, then I discovered polymer clay. I started with small pieces of jewelry, then mini figurines that I sold to my friends and family \ud83d\udc95<\/p>\t\t\t\t\t\t\t\t<\/div>\n\t\t\t\t<\/div>\n\t\t\t\t<div class=\"elementor-element elementor-element-0e97b34 elementor-widget elementor-widget-spacer\" data-id=\"0e97b34\" data-element_type=\"widget\" data-e-type=\"widget\" data-widget_type=\"spacer.default\">\n\t\t\t\t<div class=\"elementor-widget-container\">\n\t\t\t\t\t\t\t<div class=\"elementor-spacer\">\n\t\t\t<div class=\"elementor-spacer-inner\"><\/div>\n\t\t<\/div>\n\t\t\t\t\t\t<\/div>\n\t\t\t\t<\/div>\n\t\t\t\t\t<\/div>\n\t\t<\/div>\n\t\t\t\t\t<\/div>\n\t\t<\/section>\n\t\t\t\t<div class=\"elementor-element elementor-element-62038ec elementor-widget elementor-widget-spacer\" data-id=\"62038ec\" data-element_type=\"widget\" data-e-type=\"widget\" data-widget_type=\"spacer.default\">\n\t\t\t\t<div class=\"elementor-widget-container\">\n\t\t\t\t\t\t\t<div class=\"elementor-spacer\">\n\t\t\t<div class=\"elementor-spacer-inner\"><\/div>\n\t\t<\/div>\n\t\t\t\t\t\t<\/div>\n\t\t\t\t<\/div>\n\t\t\t\t<div class=\"elementor-element elementor-element-d886be8 elementor-widget-divider--view-line_icon elementor-view-default elementor-widget-divider--element-align-center elementor-widget elementor-widget-divider\" data-id=\"d886be8\" data-element_type=\"widget\" data-e-type=\"widget\" data-widget_type=\"divider.default\">\n\t\t\t\t<div class=\"elementor-widget-container\">\n\t\t\t\t\t\t\t<div class=\"elementor-divider\">\n\t\t\t<span class=\"elementor-divider-separator\">\n\t\t\t\t\t\t\t<div class=\"elementor-icon elementor-divider__element\">\n\t\t\t\t\t<i aria-hidden=\"true\" class=\"far fa-heart\"><\/i><\/div>\n\t\t\t\t\t\t<\/span>\n\t\t<\/div>\n\t\t\t\t\t\t<\/div>\n\t\t\t\t<\/div>\n\t\t\t\t<section class=\"elementor-section elementor-inner-section elementor-element elementor-element-1664074 elementor-section-boxed elementor-section-height-default elementor-section-height-default\" data-id=\"1664074\" data-element_type=\"section\" data-e-type=\"section\">\n\t\t\t\t\t\t<div class=\"elementor-container elementor-column-gap-default\">\n\t\t\t\t\t<div class=\"elementor-column elementor-col-50 elementor-inner-column elementor-element elementor-element-97ec5f7\" data-id=\"97ec5f7\" data-element_type=\"column\" data-e-type=\"column\">\n\t\t\t<div class=\"elementor-widget-wrap elementor-element-populated\">\n\t\t\t\t\t\t<div class=\"elementor-element elementor-element-f586a67 elementor-widget__width-initial elementor-widget elementor-widget-image\" data-id=\"f586a67\" data-element_type=\"widget\" data-e-type=\"widget\" data-widget_type=\"image.default\">\n\t\t\t\t<div class=\"elementor-widget-container\">\n\t\t\t\t\t\t\t\t\t\t\t\t\t\t\t<img decoding=\"async\" width=\"556\" height=\"1000\" src=\"https:\/\/maopika.com\/wp-content\/uploads\/2025\/08\/Comment-est-nee-Maopika-4-556x1000.png\" class=\"attachment-large size-large wp-image-8854\" alt=\"\" srcset=\"https:\/\/maopika.com\/wp-content\/uploads\/2025\/08\/Comment-est-nee-Maopika-4-556x1000.png 556w, https:\/\/maopika.com\/wp-content\/uploads\/2025\/08\/Comment-est-nee-Maopika-4-333x600.png 333w, https:\/\/maopika.com\/wp-content\/uploads\/2025\/08\/Comment-est-nee-Maopika-4-768x1383.png 768w, https:\/\/maopika.com\/wp-content\/uploads\/2025\/08\/Comment-est-nee-Maopika-4-853x1536.png 853w, https:\/\/maopika.com\/wp-content\/uploads\/2025\/08\/Comment-est-nee-Maopika-4-7x12.png 7w, https:\/\/maopika.com\/wp-content\/uploads\/2025\/08\/Comment-est-nee-Maopika-4-800x1440.png 800w, https:\/\/maopika.com\/wp-content\/uploads\/2025\/08\/Comment-est-nee-Maopika-4-1000x1800.png 1000w, https:\/\/maopika.com\/wp-content\/uploads\/2025\/08\/Comment-est-nee-Maopika-4.png 1111w\" sizes=\"(max-width: 556px) 100vw, 556px\" \/>\t\t\t\t\t\t\t\t\t\t\t\t\t\t\t<\/div>\n\t\t\t\t<\/div>\n\t\t\t\t\t<\/div>\n\t\t<\/div>\n\t\t\t\t<div class=\"elementor-column elementor-col-50 elementor-inner-column elementor-element elementor-element-dcb5bd6\" data-id=\"dcb5bd6\" data-element_type=\"column\" data-e-type=\"column\">\n\t\t\t<div class=\"elementor-widget-wrap elementor-element-populated\">\n\t\t\t\t\t\t<div class=\"elementor-element elementor-element-a530dc8 elementor-widget elementor-widget-spacer\" data-id=\"a530dc8\" data-element_type=\"widget\" data-e-type=\"widget\" data-widget_type=\"spacer.default\">\n\t\t\t\t<div class=\"elementor-widget-container\">\n\t\t\t\t\t\t\t<div class=\"elementor-spacer\">\n\t\t\t<div class=\"elementor-spacer-inner\"><\/div>\n\t\t<\/div>\n\t\t\t\t\t\t<\/div>\n\t\t\t\t<\/div>\n\t\t\t\t<div class=\"elementor-element elementor-element-36017cc elementor-widget__width-initial elementor-widget elementor-widget-text-editor\" data-id=\"36017cc\" data-element_type=\"widget\" data-e-type=\"widget\" data-widget_type=\"text-editor.default\">\n\t\t\t\t<div class=\"elementor-widget-container\">\n\t\t\t\t\t\t\t\t\t<h4><span class=\"wt-mt-xs-1\" data-inplace-editable-text=\"story\" data-endpoint=\"AboutPost\" data-key=\"story\" data-placeholder=\"Comment avez-vous d\u00e9marr\u00e9\u00a0? Qu'est-ce qui vous inspire\u00a0? Nous savons que chaque vendeur a une histoire unique\u00a0- racontez la v\u00f4tre ici.\">\u2728 How Maopika started?<\/span><\/h4><p>In 2018, I opened my Etsy shop to sell beyond my circle of friends and family \ud83c\udf0d<br \/>Shortly after, I discovered UV resin. At first, I used it to complete my creations, but very quickly, I wanted to try more things, like using molds.\u00a0<\/p><p>In 2019, I started working with epoxy resin. My first attempts? A real disaster! \ud83d\ude02<br \/>But I'm stubborn. Slowly I've been leaving polymer clay aside, as it takes too long to work with, to focus on resin instead.<\/p><p>After a few months, I get tired of standard molds: low quality, boring shapes \ud83d\ude05<br \/>I discovered small makers and fell in love with shakers! But... most of them are from the US, and with shipping and customs fees, it's out of my budget \ud83d\udcb8<\/p><p>In 2020, I challenged myself to create my own molds. The first attempts were far from perfect, but after months of testing, I finally achieved the quality I wanted.<br \/>In August, I officially launched my website with a section for silicone molds \ud83c\udf89<\/p><p>For a year, I worked on both creating resin accessories and molds... but demand for the molds quickly took over.<br \/>In 2021, I'm focusing entirely on making molds.<\/p><p>And at the end of 2022, I'm adding a new adventure: polymer clay cutters.<br \/>Since then, I continue to perfect my techniques to offer unique and quality molds to passionate crafters \ud83d\udc96<\/p>\t\t\t\t\t\t\t\t<\/div>\n\t\t\t\t<\/div>\n\t\t\t\t\t<\/div>\n\t\t<\/div>\n\t\t\t\t\t<\/div>\n\t\t<\/section>\n\t\t\t\t<section class=\"elementor-section elementor-inner-section elementor-element elementor-element-0ad95e4 elementor-section-boxed elementor-section-height-default elementor-section-height-default\" data-id=\"0ad95e4\" data-element_type=\"section\" data-e-type=\"section\">\n\t\t\t\t\t\t<div class=\"elementor-container elementor-column-gap-default\">\n\t\t\t\t\t<div class=\"elementor-column elementor-col-100 elementor-inner-column elementor-element elementor-element-3f99479\" data-id=\"3f99479\" data-element_type=\"column\" data-e-type=\"column\">\n\t\t\t<div class=\"elementor-widget-wrap elementor-element-populated\">\n\t\t\t\t\t\t<div class=\"elementor-element elementor-element-5ec3903 elementor-widget elementor-widget-spacer\" data-id=\"5ec3903\" data-element_type=\"widget\" data-e-type=\"widget\" data-widget_type=\"spacer.default\">\n\t\t\t\t<div class=\"elementor-widget-container\">\n\t\t\t\t\t\t\t<div class=\"elementor-spacer\">\n\t\t\t<div class=\"elementor-spacer-inner\"><\/div>\n\t\t<\/div>\n\t\t\t\t\t\t<\/div>\n\t\t\t\t<\/div>\n\t\t\t\t\t<\/div>\n\t\t<\/div>\n\t\t\t\t\t<\/div>\n\t\t<\/section>\n\t\t\t\t\t<\/div>\n\t\t<\/div>\n\t\t\t\t\t<\/div>\n\t\t<\/section>\n\t\t\t\t<\/div>","protected":false},"excerpt":{"rendered":"<p>Maopika, c\u2019est moi, Marie \ud83c\udf89 Mao, c\u2019est mon pr\u00e9nom en japonais.Et Pika, c\u2019est un surnom inspir\u00e9 d\u2019une c\u00e9l\u00e8bre souris jaune \u26a1J\u2019ai juste r\u00e9uni deux de mes surnoms pour cr\u00e9er ce nom \ud83e\udd2d J\u2019ai toujours aim\u00e9 cr\u00e9er, petite, je passais mon temps \u00e0 dessiner, puis j\u2019ai d\u00e9couvert la p\u00e2te polym\u00e8re. J\u2019ai commenc\u00e9 par de petits bijoux, [&hellip;]<\/p>\n","protected":false},"author":1,"featured_media":0,"parent":0,"menu_order":0,"comment_status":"closed","ping_status":"closed","template":"","meta":{"_monsterinsights_skip_tracking":false,"_monsterinsights_sitenote_active":false,"_monsterinsights_sitenote_note":"","_monsterinsights_sitenote_category":0,"site-sidebar-layout":"no-sidebar","site-content-layout":"page-builder","ast-site-content-layout":"full-width-container","site-content-style":"default","site-sidebar-style":"default","ast-global-header-display":"","ast-banner-title-visibility":"","ast-main-header-display":"","ast-hfb-above-header-display":"","ast-hfb-below-header-display":"","ast-hfb-mobile-header-display":"","site-post-title":"disabled","ast-breadcrumbs-content":"","ast-featured-img":"disabled","footer-sml-layout":"","ast-disable-related-posts":"","theme-transparent-header-meta":"","adv-header-id-meta":"","stick-header-meta":"","header-above-stick-meta":"","header-main-stick-meta":"","header-below-stick-meta":"","astra-migrate-meta-layouts":"default","ast-page-background-enabled":"default","ast-page-background-meta":{"desktop":{"background-color":"","background-image":"","background-repeat":"repeat","background-position":"center center","background-size":"auto","background-attachment":"scroll","background-type":"","background-media":"","overlay-type":"","overlay-color":"","overlay-opacity":"","overlay-gradient":""},"tablet":{"background-color":"","background-image":"","background-repeat":"repeat","background-position":"center center","background-size":"auto","background-attachment":"scroll","background-type":"","background-media":"","overlay-type":"","overlay-color":"","overlay-opacity":"","overlay-gradient":""},"mobile":{"background-color":"","background-image":"","background-repeat":"repeat","background-position":"center center","background-size":"auto","background-attachment":"scroll","background-type":"","background-media":"","overlay-type":"","overlay-color":"","overlay-opacity":"","overlay-gradient":""}},"ast-content-background-meta":{"desktop":{"background-color":"var(--ast-global-color-5)","background-image":"","background-repeat":"repeat","background-position":"center center","background-size":"auto","background-attachment":"scroll","background-type":"","background-media":"","overlay-type":"","overlay-color":"","overlay-opacity":"","overlay-gradient":""},"tablet":{"background-color":"var(--ast-global-color-5)","background-image":"","background-repeat":"repeat","background-position":"center center","background-size":"auto","background-attachment":"scroll","background-type":"","background-media":"","overlay-type":"","overlay-color":"","overlay-opacity":"","overlay-gradient":""},"mobile":{"background-color":"var(--ast-global-color-5)","background-image":"","background-repeat":"repeat","background-position":"center center","background-size":"auto","background-attachment":"scroll","background-type":"","background-media":"","overlay-type":"","overlay-color":"","overlay-opacity":"","overlay-gradient":""}},"footnotes":""},"class_list":["post-8811","page","type-page","status-publish","hentry"],"aioseo_notices":[],"_links":{"self":[{"href":"https:\/\/maopika.com\/en\/wp-json\/wp\/v2\/pages\/8811","targetHints":{"allow":["GET"]}}],"collection":[{"href":"https:\/\/maopika.com\/en\/wp-json\/wp\/v2\/pages"}],"about":[{"href":"https:\/\/maopika.com\/en\/wp-json\/wp\/v2\/types\/page"}],"author":[{"embeddable":true,"href":"https:\/\/maopika.com\/en\/wp-json\/wp\/v2\/users\/1"}],"replies":[{"embeddable":true,"href":"https:\/\/maopika.com\/en\/wp-json\/wp\/v2\/comments?post=8811"}],"version-history":[{"count":42,"href":"https:\/\/maopika.com\/en\/wp-json\/wp\/v2\/pages\/8811\/revisions"}],"predecessor-version":[{"id":8893,"href":"https:\/\/maopika.com\/en\/wp-json\/wp\/v2\/pages\/8811\/revisions\/8893"}],"wp:attachment":[{"href":"https:\/\/maopika.com\/en\/wp-json\/wp\/v2\/media?parent=8811"}],"curies":[{"name":"wp","href":"https:\/\/api.w.org\/{rel}","templated":true}]}}