{"id":3013,"date":"2022-02-04T18:30:12","date_gmt":"2022-02-04T17:30:12","guid":{"rendered":"https:\/\/maopika.com\/?post_type=product&#038;p=3013"},"modified":"2026-04-14T15:34:27","modified_gmt":"2026-04-14T13:34:27","slug":"coeur-pixel-holographique-moule","status":"publish","type":"product","link":"https:\/\/maopika.com\/en\/product\/coeur-pixel-holographique-moule\/","title":{"rendered":"Holographic pixel heart \/ Silicone mold made to order"},"content":{"rendered":"<p>Les photos ont \u00e9t\u00e9 prises sous une lumi\u00e8re directe, refl\u00e9tant ainsi l&rsquo;intensit\u00e9 de l&rsquo;effet holographique,<\/p>\n<div class=\"elementor-element elementor-element-70abd5d elementor-widget elementor-widget-woocommerce-product-content\" data-id=\"70abd5d\" data-element_type=\"widget\" data-widget_type=\"woocommerce-product-content.default\">\n<div class=\"elementor-widget-container\">\n<p>\ud83d\udce2 <strong>Please note:<\/strong><\/p>\n<ul>\n<li>Each mold is unique and may have slight variations or minor imperfections that do not affect its use.<\/li>\n<li>For UV resin, be sure to choose translucent silicone.<\/li>\n<li>If you use clear resin, keep in mind that the print lines and matte finish of the mold may not give a crystal-clear result.<\/li>\n<li>L\u2019intensit\u00e9 de l\u2019effet holographique d\u00e9pend de la lumi\u00e8re ambiante. \ud83c\udf08<\/li>\n<li>The creations and objects shown in the photos are not included (they are here to inspire you \ud83d\udcf8).<\/li>\n<li>All dimensions are indicated in centimeters.<\/li>\n<\/ul>\n<p>\ud83c\udf38 <strong>Advice:<\/strong><\/p>\n<ul>\n<li>The edges can be sanded for a cleaner finish.<\/li>\n<li>The use of a release agent is recommended to help with demolding and extend the life of the mold.<\/li>\n<li>To remove dust, a piece of adhesive tape is sufficient. For a more complete cleaning, use warm water and mild soap, then let dry thoroughly.<\/li>\n<li>Avoid direct flames (such as lighters) and solvents or aggressive products to preserve the quality of the silicone.<\/li>\n<\/ul>\n<p>\ud83c\udf38 Feel free to follow me on Instagram @maopiika<\/p>\n<\/div>\n<\/div>","protected":false},"excerpt":{"rendered":"<p><strong>Moules en silicone polyvalents \u2728<\/strong><\/p>\n<p>D\u00e9couvrez la magie des moules holographiques qui apportent des reflets arc-en-ciel \u00e0 vos cr\u00e9ations en r\u00e9sine.\ud83c\udf08<\/p>\n<p>\ud83c\udf38 <strong>Information:<\/strong><\/p>\n<ul>\n<li>Each mold is handmade using a 3D print blank, which may leave fine lines on your creations. The finish is matte, but you can sand it or apply a thin layer of resin for extra shine.<\/li>\n<li>Ideal for use with many materials: resin, polymer clay, wax, plaster, concrete, or low-heat metal.<\/li>\n<li>Temperature-resistant up to 450\u00b0C \ud83d\udd25<\/li>\n<li>L&rsquo;effet holographique est fragile et disparait si vous appliquez une couche de r\u00e9sine de finition, ainsi que si vous appliquez de la peinture, poudre\u2026 au fond du moule. Veillez \u00e0 \u00e9viter de toucher le fond du moule pour une dur\u00e9e de vie plus longue de la magie. \u2728<\/li>\n<li>Made to order with care, please allow approximately 7 business days for the molds to be made.<\/li>\n<li>Designed for creative use only, not recommended for food products \u26a0\ufe0f<\/li>\n<\/ul>\n<p>\ud83c\udf38 Don't forget to take a look at the detailed description below.<\/p>\n<p>\ud83c\udf38 Please feel free to contact me if you need any advice or further information about this product. \ud83d\ude0a<\/p>\n<p>&nbsp;<\/p>","protected":false},"featured_media":3039,"comment_status":"open","ping_status":"closed","template":"","meta":{"_monsterinsights_skip_tracking":false,"_monsterinsights_sitenote_active":false,"_monsterinsights_sitenote_note":"","_monsterinsights_sitenote_category":0,"site-sidebar-layout":"no-sidebar","site-content-layout":"plain-container","ast-site-content-layout":"normal-width-container","site-content-style":"unboxed","site-sidebar-style":"unboxed","ast-global-header-display":"","ast-banner-title-visibility":"","ast-main-header-display":"","ast-hfb-above-header-display":"","ast-hfb-below-header-display":"","ast-hfb-mobile-header-display":"","site-post-title":"disabled","ast-breadcrumbs-content":"","ast-featured-img":"disabled","footer-sml-layout":"","ast-disable-related-posts":"","theme-transparent-header-meta":"default","adv-header-id-meta":"","stick-header-meta":"","header-above-stick-meta":"","header-main-stick-meta":"","header-below-stick-meta":"","astra-migrate-meta-layouts":"set","ast-page-background-enabled":"default","ast-page-background-meta":{"desktop":{"background-color":"","background-image":"","background-repeat":"repeat","background-position":"center center","background-size":"auto","background-attachment":"scroll","background-type":"","background-media":"","overlay-type":"","overlay-color":"","overlay-opacity":"","overlay-gradient":""},"tablet":{"background-color":"","background-image":"","background-repeat":"repeat","background-position":"center center","background-size":"auto","background-attachment":"scroll","background-type":"","background-media":"","overlay-type":"","overlay-color":"","overlay-opacity":"","overlay-gradient":""},"mobile":{"background-color":"","background-image":"","background-repeat":"repeat","background-position":"center center","background-size":"auto","background-attachment":"scroll","background-type":"","background-media":"","overlay-type":"","overlay-color":"","overlay-opacity":"","overlay-gradient":""}},"ast-content-background-meta":{"desktop":{"background-color":"var(--ast-global-color-5)","background-image":"","background-repeat":"repeat","background-position":"center center","background-size":"auto","background-attachment":"scroll","background-type":"","background-media":"","overlay-type":"","overlay-color":"","overlay-opacity":"","overlay-gradient":""},"tablet":{"background-color":"var(--ast-global-color-5)","background-image":"","background-repeat":"repeat","background-position":"center center","background-size":"auto","background-attachment":"scroll","background-type":"","background-media":"","overlay-type":"","overlay-color":"","overlay-opacity":"","overlay-gradient":""},"mobile":{"background-color":"var(--ast-global-color-5)","background-image":"","background-repeat":"repeat","background-position":"center center","background-size":"auto","background-attachment":"scroll","background-type":"","background-media":"","overlay-type":"","overlay-color":"","overlay-opacity":"","overlay-gradient":""}},"jetpack_publicize_message":"","jetpack_publicize_feature_enabled":true,"jetpack_social_post_already_shared":false,"jetpack_social_options":{"image_generator_settings":{"template":"highway","default_image_id":0,"font":"","enabled":false},"version":2}},"product_brand":[],"product_cat":[84,25,57],"product_tag":[],"class_list":{"0":"post-3013","1":"product","2":"type-product","3":"status-publish","4":"has-post-thumbnail","6":"product_cat-holographique","7":"product_cat-moules","8":"product_cat-st-valentin","9":"desktop-align-center","10":"tablet-align-left","11":"mobile-align-left","13":"first","14":"instock","15":"taxable","16":"shipping-taxable","17":"purchasable","18":"product-type-simple"},"aioseo_notices":[],"jetpack_publicize_connections":[],"_links":{"self":[{"href":"https:\/\/maopika.com\/en\/wp-json\/wp\/v2\/product\/3013","targetHints":{"allow":["GET"]}}],"collection":[{"href":"https:\/\/maopika.com\/en\/wp-json\/wp\/v2\/product"}],"about":[{"href":"https:\/\/maopika.com\/en\/wp-json\/wp\/v2\/types\/product"}],"replies":[{"embeddable":true,"href":"https:\/\/maopika.com\/en\/wp-json\/wp\/v2\/comments?post=3013"}],"version-history":[{"count":6,"href":"https:\/\/maopika.com\/en\/wp-json\/wp\/v2\/product\/3013\/revisions"}],"predecessor-version":[{"id":10381,"href":"https:\/\/maopika.com\/en\/wp-json\/wp\/v2\/product\/3013\/revisions\/10381"}],"wp:featuredmedia":[{"embeddable":true,"href":"https:\/\/maopika.com\/en\/wp-json\/wp\/v2\/media\/3039"}],"wp:attachment":[{"href":"https:\/\/maopika.com\/en\/wp-json\/wp\/v2\/media?parent=3013"}],"wp:term":[{"taxonomy":"product_brand","embeddable":true,"href":"https:\/\/maopika.com\/en\/wp-json\/wp\/v2\/product_brand?post=3013"},{"taxonomy":"product_cat","embeddable":true,"href":"https:\/\/maopika.com\/en\/wp-json\/wp\/v2\/product_cat?post=3013"},{"taxonomy":"product_tag","embeddable":true,"href":"https:\/\/maopika.com\/en\/wp-json\/wp\/v2\/product_tag?post=3013"}],"curies":[{"name":"wp","href":"https:\/\/api.w.org\/{rel}","templated":true}]}}