{"id":3669,"date":"2022-09-09T18:30:25","date_gmt":"2022-09-09T16:30:25","guid":{"rendered":"https:\/\/maopika.com\/?post_type=product&#038;p=3669"},"modified":"2025-09-10T10:35:06","modified_gmt":"2025-09-10T08:35:06","slug":"emporte-piece-bulle-coeur","status":"publish","type":"product","link":"https:\/\/maopika.com\/en\/product\/emporte-piece-bulle-coeur\/","title":{"rendered":"Bubble heart clay cutter"},"content":{"rendered":"","protected":false},"excerpt":{"rendered":"<p>Cutter for polymer clay or any other modeling clay.<\/p>\n<p>Tous les mod\u00e8les ont \u00e9t\u00e9 con\u00e7us pour faciliter leurs usages, le bord de d\u00e9coupe est biseaut\u00e9 pour faciliter la d\u00e9coupe et obtenir un bord net. Les pi\u00e8ces en p\u00e2te polym\u00e8re n&rsquo;auront donc pas besoin d&rsquo;\u00eatre ponc\u00e9 ou peu. Le rebord plus large a la base permet une meilleure prise en main. Chaque emporte-pi\u00e8ce mesure 1.2\u2009cm de haut pour pouvoir d\u00e9couper tout type de hauteur de p\u00e2te.<\/p>\n<p>To prevent your clay from sticking to the clay cutter, make sure the clay adheres to your work surface. You can also add flour to your clay.<\/p>\n<p>Please note that the clay cutters are handmade and may contain small defects. These minor flaws do not affect the functionality of the product except where noted.<\/p>\n<p>Each cutter is 3D printed in PLA, PLA is a bioplastic made from corn.<\/p>\n<p>Pour l&rsquo;entretien, veuillez les laver \u00e0 l&rsquo;eau ti\u00e8de savonneuse, malgr\u00e9 leur r\u00e9sistance \u00e0 la chaleur jusqu&rsquo;\u00e0 60\u2009\u00b0C, il est fortement d\u00e9conseill\u00e9 de les passer au lave-vaisselle, cela risquerait de les d\u00e9former.<\/p>\n<p>Le PLA utilis\u00e9 est conforme aux directives RoHS 2011\/65\/EU et (UE) 2015\/863 et \u00e0 la r\u00e9glementation REACH, ce qui signifie qu&rsquo;il ne contient pas de substances toxiques ou nocives r\u00e9pertori\u00e9es.<\/p>\n<p>Cependant, les pi\u00e8ces imprim\u00e9es peuvent pr\u00e9senter des microfissures et des trous invisibles \u00e0 l&rsquo;\u0153il nu. Les bact\u00e9ries ont tendance \u00e0 se d\u00e9velopper dans ces microfissures, c&rsquo;est pour cette raison qu&rsquo;il est d\u00e9conseill\u00e9 d&rsquo;utiliser les emportes-pi\u00e8ces pour un contact alimentaire.<\/p>\n<p>All measures shown are in cm.<\/p>","protected":false},"featured_media":3674,"comment_status":"open","ping_status":"closed","template":"","meta":{"_monsterinsights_skip_tracking":false,"_monsterinsights_sitenote_active":false,"_monsterinsights_sitenote_note":"","_monsterinsights_sitenote_category":0,"site-sidebar-layout":"default","site-content-layout":"default","ast-site-content-layout":"default","site-content-style":"default","site-sidebar-style":"default","ast-global-header-display":"","ast-banner-title-visibility":"","ast-main-header-display":"","ast-hfb-above-header-display":"","ast-hfb-below-header-display":"","ast-hfb-mobile-header-display":"","site-post-title":"","ast-breadcrumbs-content":"","ast-featured-img":"","footer-sml-layout":"","ast-disable-related-posts":"","theme-transparent-header-meta":"default","adv-header-id-meta":"","stick-header-meta":"","header-above-stick-meta":"","header-main-stick-meta":"","header-below-stick-meta":"","astra-migrate-meta-layouts":"default","ast-page-background-enabled":"default","ast-page-background-meta":{"desktop":{"background-color":"","background-image":"","background-repeat":"repeat","background-position":"center center","background-size":"auto","background-attachment":"scroll","background-type":"","background-media":"","overlay-type":"","overlay-color":"","overlay-opacity":"","overlay-gradient":""},"tablet":{"background-color":"","background-image":"","background-repeat":"repeat","background-position":"center center","background-size":"auto","background-attachment":"scroll","background-type":"","background-media":"","overlay-type":"","overlay-color":"","overlay-opacity":"","overlay-gradient":""},"mobile":{"background-color":"","background-image":"","background-repeat":"repeat","background-position":"center center","background-size":"auto","background-attachment":"scroll","background-type":"","background-media":"","overlay-type":"","overlay-color":"","overlay-opacity":"","overlay-gradient":""}},"ast-content-background-meta":{"desktop":{"background-color":"var(--ast-global-color-5)","background-image":"","background-repeat":"repeat","background-position":"center center","background-size":"auto","background-attachment":"scroll","background-type":"","background-media":"","overlay-type":"","overlay-color":"","overlay-opacity":"","overlay-gradient":""},"tablet":{"background-color":"var(--ast-global-color-5)","background-image":"","background-repeat":"repeat","background-position":"center center","background-size":"auto","background-attachment":"scroll","background-type":"","background-media":"","overlay-type":"","overlay-color":"","overlay-opacity":"","overlay-gradient":""},"mobile":{"background-color":"var(--ast-global-color-5)","background-image":"","background-repeat":"repeat","background-position":"center center","background-size":"auto","background-attachment":"scroll","background-type":"","background-media":"","overlay-type":"","overlay-color":"","overlay-opacity":"","overlay-gradient":""}},"jetpack_publicize_message":"","jetpack_publicize_feature_enabled":true,"jetpack_social_post_already_shared":false,"jetpack_social_options":{"image_generator_settings":{"template":"highway","default_image_id":0,"font":"","enabled":false},"version":2}},"product_brand":[],"product_cat":[112],"product_tag":[],"class_list":{"0":"post-3669","1":"product","2":"type-product","3":"status-publish","4":"has-post-thumbnail","6":"product_cat-emporte-pieces","7":"desktop-align-center","8":"tablet-align-left","9":"mobile-align-left","11":"first","12":"instock","13":"taxable","14":"shipping-taxable","15":"purchasable","16":"product-type-variable"},"aioseo_notices":[],"jetpack_publicize_connections":[],"_links":{"self":[{"href":"https:\/\/maopika.com\/en\/wp-json\/wp\/v2\/product\/3669","targetHints":{"allow":["GET"]}}],"collection":[{"href":"https:\/\/maopika.com\/en\/wp-json\/wp\/v2\/product"}],"about":[{"href":"https:\/\/maopika.com\/en\/wp-json\/wp\/v2\/types\/product"}],"replies":[{"embeddable":true,"href":"https:\/\/maopika.com\/en\/wp-json\/wp\/v2\/comments?post=3669"}],"version-history":[{"count":3,"href":"https:\/\/maopika.com\/en\/wp-json\/wp\/v2\/product\/3669\/revisions"}],"predecessor-version":[{"id":3678,"href":"https:\/\/maopika.com\/en\/wp-json\/wp\/v2\/product\/3669\/revisions\/3678"}],"wp:featuredmedia":[{"embeddable":true,"href":"https:\/\/maopika.com\/en\/wp-json\/wp\/v2\/media\/3674"}],"wp:attachment":[{"href":"https:\/\/maopika.com\/en\/wp-json\/wp\/v2\/media?parent=3669"}],"wp:term":[{"taxonomy":"product_brand","embeddable":true,"href":"https:\/\/maopika.com\/en\/wp-json\/wp\/v2\/product_brand?post=3669"},{"taxonomy":"product_cat","embeddable":true,"href":"https:\/\/maopika.com\/en\/wp-json\/wp\/v2\/product_cat?post=3669"},{"taxonomy":"product_tag","embeddable":true,"href":"https:\/\/maopika.com\/en\/wp-json\/wp\/v2\/product_tag?post=3669"}],"curies":[{"name":"wp","href":"https:\/\/api.w.org\/{rel}","templated":true}]}}