{"id":8552,"date":"2024-04-17T18:51:30","date_gmt":"2024-04-17T16:51:30","guid":{"rendered":"https:\/\/maopika.com\/?post_type=product&#038;p=8552"},"modified":"2025-09-10T09:33:47","modified_gmt":"2025-09-10T07:33:47","slug":"option-exclusivite-exclusivity-option","status":"publish","type":"product","link":"https:\/\/maopika.com\/en\/product\/option-exclusivite-exclusivity-option\/","title":{"rendered":"Option exclusivit\u00e9 \/ Exclusivity option"},"content":{"rendered":"","protected":false},"excerpt":{"rendered":"<p class=\"\" data-start=\"702\" data-end=\"896\"><strong data-start=\"702\" data-end=\"732\">Option: Exclusivity<\/strong>\ud83d\udd12\u2728<\/p>\n<p class=\"\" data-start=\"702\" data-end=\"896\">This option guarantees you total exclusivity on the mold created for you. It's custom-made and won't be offered to any other customer.<br \/>\nId\u00e9al pour prot\u00e9ger tes id\u00e9es et assurer l\u2019originalit\u00e9 de tes cr\u00e9ations.<\/p>\n<p class=\"\" data-start=\"702\" data-end=\"896\">Exclusivity is permanent, with no subscription or renewal required.<\/p>\n<p data-start=\"617\" data-end=\"736\">\ud83d\udee0\ufe0f <strong data-start=\"620\" data-end=\"643\">How does it work?<\/strong><br data-start=\"643\" data-end=\"646\" \/>Simply add the option to your shopping cart before placing your order.<\/p>","protected":false},"featured_media":8553,"comment_status":"open","ping_status":"closed","template":"","meta":{"_monsterinsights_skip_tracking":false,"_monsterinsights_sitenote_active":false,"_monsterinsights_sitenote_note":"","_monsterinsights_sitenote_category":0,"site-sidebar-layout":"no-sidebar","site-content-layout":"plain-container","ast-site-content-layout":"normal-width-container","site-content-style":"unboxed","site-sidebar-style":"unboxed","ast-global-header-display":"","ast-banner-title-visibility":"","ast-main-header-display":"","ast-hfb-above-header-display":"","ast-hfb-below-header-display":"","ast-hfb-mobile-header-display":"","site-post-title":"disabled","ast-breadcrumbs-content":"","ast-featured-img":"disabled","footer-sml-layout":"","ast-disable-related-posts":"","theme-transparent-header-meta":"default","adv-header-id-meta":"","stick-header-meta":"","header-above-stick-meta":"","header-main-stick-meta":"","header-below-stick-meta":"","astra-migrate-meta-layouts":"set","ast-page-background-enabled":"default","ast-page-background-meta":{"desktop":{"background-color":"","background-image":"","background-repeat":"repeat","background-position":"center center","background-size":"auto","background-attachment":"scroll","background-type":"","background-media":"","overlay-type":"","overlay-color":"","overlay-opacity":"","overlay-gradient":""},"tablet":{"background-color":"","background-image":"","background-repeat":"repeat","background-position":"center center","background-size":"auto","background-attachment":"scroll","background-type":"","background-media":"","overlay-type":"","overlay-color":"","overlay-opacity":"","overlay-gradient":""},"mobile":{"background-color":"","background-image":"","background-repeat":"repeat","background-position":"center center","background-size":"auto","background-attachment":"scroll","background-type":"","background-media":"","overlay-type":"","overlay-color":"","overlay-opacity":"","overlay-gradient":""}},"ast-content-background-meta":{"desktop":{"background-color":"var(--ast-global-color-5)","background-image":"","background-repeat":"repeat","background-position":"center center","background-size":"auto","background-attachment":"scroll","background-type":"","background-media":"","overlay-type":"","overlay-color":"","overlay-opacity":"","overlay-gradient":""},"tablet":{"background-color":"var(--ast-global-color-5)","background-image":"","background-repeat":"repeat","background-position":"center center","background-size":"auto","background-attachment":"scroll","background-type":"","background-media":"","overlay-type":"","overlay-color":"","overlay-opacity":"","overlay-gradient":""},"mobile":{"background-color":"var(--ast-global-color-5)","background-image":"","background-repeat":"repeat","background-position":"center center","background-size":"auto","background-attachment":"scroll","background-type":"","background-media":"","overlay-type":"","overlay-color":"","overlay-opacity":"","overlay-gradient":""}},"jetpack_publicize_message":"","jetpack_publicize_feature_enabled":true,"jetpack_social_post_already_shared":true,"jetpack_social_options":{"image_generator_settings":{"template":"highway","default_image_id":0,"font":"","enabled":false},"version":2}},"product_brand":[],"product_cat":[15],"product_tag":[],"class_list":{"0":"post-8552","1":"product","2":"type-product","3":"status-publish","4":"has-post-thumbnail","6":"product_cat-non-classe","7":"desktop-align-center","8":"tablet-align-left","9":"mobile-align-left","11":"first","12":"outofstock","13":"taxable","14":"shipping-taxable","15":"purchasable","16":"product-type-simple"},"aioseo_notices":[],"jetpack_publicize_connections":[],"_links":{"self":[{"href":"https:\/\/maopika.com\/en\/wp-json\/wp\/v2\/product\/8552","targetHints":{"allow":["GET"]}}],"collection":[{"href":"https:\/\/maopika.com\/en\/wp-json\/wp\/v2\/product"}],"about":[{"href":"https:\/\/maopika.com\/en\/wp-json\/wp\/v2\/types\/product"}],"replies":[{"embeddable":true,"href":"https:\/\/maopika.com\/en\/wp-json\/wp\/v2\/comments?post=8552"}],"version-history":[{"count":3,"href":"https:\/\/maopika.com\/en\/wp-json\/wp\/v2\/product\/8552\/revisions"}],"predecessor-version":[{"id":8556,"href":"https:\/\/maopika.com\/en\/wp-json\/wp\/v2\/product\/8552\/revisions\/8556"}],"wp:featuredmedia":[{"embeddable":true,"href":"https:\/\/maopika.com\/en\/wp-json\/wp\/v2\/media\/8553"}],"wp:attachment":[{"href":"https:\/\/maopika.com\/en\/wp-json\/wp\/v2\/media?parent=8552"}],"wp:term":[{"taxonomy":"product_brand","embeddable":true,"href":"https:\/\/maopika.com\/en\/wp-json\/wp\/v2\/product_brand?post=8552"},{"taxonomy":"product_cat","embeddable":true,"href":"https:\/\/maopika.com\/en\/wp-json\/wp\/v2\/product_cat?post=8552"},{"taxonomy":"product_tag","embeddable":true,"href":"https:\/\/maopika.com\/en\/wp-json\/wp\/v2\/product_tag?post=8552"}],"curies":[{"name":"wp","href":"https:\/\/api.w.org\/{rel}","templated":true}]}}