{"id":9349,"date":"2025-03-04T16:00:17","date_gmt":"2025-03-04T15:00:17","guid":{"rendered":"https:\/\/maopika.com\/?post_type=product&#038;p=9349"},"modified":"2025-12-04T17:42:56","modified_gmt":"2025-12-04T16:42:56","slug":"honkai-star-rail-petits-defauts-reservee","status":"publish","type":"product","link":"https:\/\/maopika.com\/en\/product\/honkai-star-rail-petits-defauts-reservee\/","title":{"rendered":"Honkai star rail petits d\u00e9fauts (r\u00e9serv\u00e9e)"},"content":{"rendered":"<div class=\"elementor-element elementor-element-70abd5d elementor-widget elementor-widget-woocommerce-product-content\" data-id=\"70abd5d\" data-element_type=\"widget\" data-widget_type=\"woocommerce-product-content.default\">\n<div class=\"elementor-widget-container\">\n<p>\ud83d\udce2 <strong>Please note<\/strong> :<\/p>\n<ul>\n<li>These molds are perfect for your creative projects, but they are not recommended for use with food products. \u26a0\ufe0f<\/li>\n<li>Each mold is unique and handmade, which means that additional elements and the shape of the mold may vary slightly.<\/li>\n<li>All measurements are in centimetres (cm).<\/li>\n<\/ul>\n<p>\ud83c\udf38 <strong>Advice:<\/strong><\/p>\n<ul>\n<li><strong>Perfect finish:<\/strong> The edges of your resin pieces can be domed or sanded for a smoother and more professional finish. \u2728<\/li>\n<li><strong>Utilisation d\u2019un agent de d\u00e9moulage :<\/strong> To make it easier to remove your creations from the mold and preserve the mold's durability, I recommend using a release agent.<\/li>\n<li><strong>Avoid heat sources: <\/strong><strong>:<\/strong> Do not use gaslighters or lighters close to the mold, as this could damage it. \ud83d\udd25<\/li>\n<li><strong>Avoid chemical products and solvents:<\/strong> To preserve the quality of the mold, do not use chemicals or solvents inside.<\/li>\n<li><strong>Quick and easy cleaning:<\/strong> Use adhesive tape to remove dust...<\/li>\n<li><strong>Deep cleaning:<\/strong> Use warm water and mild soap. Be sure to let the mold dry completely before using it again. \ud83e\uddfd<\/li>\n<\/ul>\n<\/div>\n<\/div>","protected":false},"excerpt":{"rendered":"<div class=\"elementor-element elementor-element-a4f8f6e elementor-widget elementor-widget-woocommerce-product-short-description\" data-id=\"a4f8f6e\" data-element_type=\"widget\" data-widget_type=\"woocommerce-product-short-description.default\">\n<div class=\"elementor-widget-container\">\n<div class=\"woocommerce-product-details__short-description\">\n<p>\u26a0\ufe0f Les moules de la s\u00e9rie \u00ab\u00a0Petits d\u00e9fauts\u00a0\u00bb pr\u00e9sente chacun des imperfections, mais restent parfaitement fonctionnels. Veillez \u00e0 apporter une attention particuli\u00e8re \u00e0 ces d\u00e9tails mineurs qui pourraient l\u00e9g\u00e8rement influencer sur la durabilit\u00e9 de ces moules.<br \/>\n\ud83d\udee0\ufe0f You may also need to do some more careful sanding to smooth out defects and make them less noticeable in your creations.<br \/>\nCes moules offrent une alternative abordable, profitez de 25% de r\u00e9duction sur ces mod\u00e8les sp\u00e9ciaux et d\u00e9couvrez leur beaut\u00e9 imparfaite \ud83c\udf89(La deuxi\u00e8me photo du produit vous permettra d&rsquo;avoir un aper\u00e7u des imperfections.)<\/p>\n<p>\ud83c\udf38 <strong>Feature:<\/strong><\/p>\n<ul>\n<li><strong>Compatible with various materials:<\/strong> Resin, polymer clay, wax, gypsum, concrete and metal alloys melted at low temperature.<\/li>\n<li><strong>Heat-resistant:<\/strong> Up to 232\u00b0C! \ud83d\udd25 Which gives you many options for your creative projects.<\/li>\n<li><strong>Made to order:<\/strong> Each mold is lovingly made to order. \ud83d\udc96 Allow approximately 7 working days for production, in addition to the time required to treat your order and ship it. \ud83d\udce6<\/li>\n<li><strong>Handcraft:<\/strong> All molds are handmade and may have minor flaws, but nothing that will affect their use unless otherwise specified.<\/li>\n<li><strong>3D printing:<\/strong> The models are 3D printed, which explains the slight design lines. Rest assured, they won't alter the result of your creations. In addition, due to the production process, the mold finish is matte. If you wish, you can sand and\/or polish your creations, or cover them with a thin layer of epoxy or UV resin to obtain a glossy finish.<\/li>\n<\/ul>\n<p>\ud83c\udf38 For more information on this product, take a look at the detailed description below.<\/p>\n<p>\ud83c\udf38 Please feel free to contact me if you need any advice or further information about this product. \ud83d\ude0a<\/p>\n<p>Free your creativity! With these silicone molds, there are no limits to what you can make, the only limit is your imagination.<br \/>\nMake yourself happy by creating unique pieces that reflect your style and personality. \ud83c\udf08<\/p>\n<\/div>\n<\/div>\n<\/div>","protected":false},"featured_media":7883,"comment_status":"open","ping_status":"closed","template":"","meta":{"_monsterinsights_skip_tracking":false,"_monsterinsights_sitenote_active":false,"_monsterinsights_sitenote_note":"","_monsterinsights_sitenote_category":0,"site-sidebar-layout":"no-sidebar","site-content-layout":"plain-container","ast-site-content-layout":"normal-width-container","site-content-style":"unboxed","site-sidebar-style":"unboxed","ast-global-header-display":"","ast-banner-title-visibility":"","ast-main-header-display":"","ast-hfb-above-header-display":"","ast-hfb-below-header-display":"","ast-hfb-mobile-header-display":"","site-post-title":"disabled","ast-breadcrumbs-content":"","ast-featured-img":"disabled","footer-sml-layout":"","ast-disable-related-posts":"","theme-transparent-header-meta":"default","adv-header-id-meta":"","stick-header-meta":"","header-above-stick-meta":"","header-main-stick-meta":"","header-below-stick-meta":"","astra-migrate-meta-layouts":"set","ast-page-background-enabled":"default","ast-page-background-meta":{"desktop":{"background-color":"","background-image":"","background-repeat":"repeat","background-position":"center center","background-size":"auto","background-attachment":"scroll","background-type":"","background-media":"","overlay-type":"","overlay-color":"","overlay-opacity":"","overlay-gradient":""},"tablet":{"background-color":"","background-image":"","background-repeat":"repeat","background-position":"center center","background-size":"auto","background-attachment":"scroll","background-type":"","background-media":"","overlay-type":"","overlay-color":"","overlay-opacity":"","overlay-gradient":""},"mobile":{"background-color":"","background-image":"","background-repeat":"repeat","background-position":"center center","background-size":"auto","background-attachment":"scroll","background-type":"","background-media":"","overlay-type":"","overlay-color":"","overlay-opacity":"","overlay-gradient":""}},"ast-content-background-meta":{"desktop":{"background-color":"var(--ast-global-color-5)","background-image":"","background-repeat":"repeat","background-position":"center center","background-size":"auto","background-attachment":"scroll","background-type":"","background-media":"","overlay-type":"","overlay-color":"","overlay-opacity":"","overlay-gradient":""},"tablet":{"background-color":"var(--ast-global-color-5)","background-image":"","background-repeat":"repeat","background-position":"center center","background-size":"auto","background-attachment":"scroll","background-type":"","background-media":"","overlay-type":"","overlay-color":"","overlay-opacity":"","overlay-gradient":""},"mobile":{"background-color":"var(--ast-global-color-5)","background-image":"","background-repeat":"repeat","background-position":"center center","background-size":"auto","background-attachment":"scroll","background-type":"","background-media":"","overlay-type":"","overlay-color":"","overlay-opacity":"","overlay-gradient":""}},"jetpack_publicize_message":"","jetpack_publicize_feature_enabled":true,"jetpack_social_post_already_shared":true,"jetpack_social_options":{"image_generator_settings":{"template":"highway","default_image_id":0,"font":"","enabled":false},"version":2}},"product_brand":[],"product_cat":[133],"product_tag":[],"class_list":{"0":"post-9349","1":"product","2":"type-product","3":"status-publish","4":"has-post-thumbnail","6":"product_cat-serie-petits-defauts","7":"desktop-align-center","8":"tablet-align-left","9":"mobile-align-left","11":"first","12":"outofstock","13":"taxable","14":"shipping-taxable","15":"purchasable","16":"product-type-simple"},"aioseo_notices":[],"jetpack_publicize_connections":[],"_links":{"self":[{"href":"https:\/\/maopika.com\/en\/wp-json\/wp\/v2\/product\/9349","targetHints":{"allow":["GET"]}}],"collection":[{"href":"https:\/\/maopika.com\/en\/wp-json\/wp\/v2\/product"}],"about":[{"href":"https:\/\/maopika.com\/en\/wp-json\/wp\/v2\/types\/product"}],"replies":[{"embeddable":true,"href":"https:\/\/maopika.com\/en\/wp-json\/wp\/v2\/comments?post=9349"}],"version-history":[{"count":2,"href":"https:\/\/maopika.com\/en\/wp-json\/wp\/v2\/product\/9349\/revisions"}],"predecessor-version":[{"id":9351,"href":"https:\/\/maopika.com\/en\/wp-json\/wp\/v2\/product\/9349\/revisions\/9351"}],"wp:featuredmedia":[{"embeddable":true,"href":"https:\/\/maopika.com\/en\/wp-json\/wp\/v2\/media\/7883"}],"wp:attachment":[{"href":"https:\/\/maopika.com\/en\/wp-json\/wp\/v2\/media?parent=9349"}],"wp:term":[{"taxonomy":"product_brand","embeddable":true,"href":"https:\/\/maopika.com\/en\/wp-json\/wp\/v2\/product_brand?post=9349"},{"taxonomy":"product_cat","embeddable":true,"href":"https:\/\/maopika.com\/en\/wp-json\/wp\/v2\/product_cat?post=9349"},{"taxonomy":"product_tag","embeddable":true,"href":"https:\/\/maopika.com\/en\/wp-json\/wp\/v2\/product_tag?post=9349"}],"curies":[{"name":"wp","href":"https:\/\/api.w.org\/{rel}","templated":true}]}}