{"id":9476,"date":"2025-12-17T11:24:08","date_gmt":"2025-12-17T10:24:08","guid":{"rendered":"https:\/\/maopika.com\/?post_type=product&#038;p=9476"},"modified":"2025-12-17T11:36:06","modified_gmt":"2025-12-17T10:36:06","slug":"emporte-pieces-petite-tasse","status":"publish","type":"product","link":"https:\/\/maopika.com\/en\/product\/emporte-pieces-petite-tasse\/","title":{"rendered":"Small cup clay cutter"},"content":{"rendered":"<div class=\"elementor-element elementor-element-70abd5d elementor-widget elementor-widget-woocommerce-product-content\" data-id=\"70abd5d\" data-element_type=\"widget\" data-widget_type=\"woocommerce-product-content.default\">\n<div class=\"elementor-widget-container\">\n<p>\ud83d\udce2 <strong>Please note<\/strong> :<\/p>\n<p>\u2022 Les cr\u00e9ations et objets visibles sur les photos ne sont pas inclus (ils sont l\u00e0 pour vous inspirer \ud83d\udcf8). Charm de la premi\u00e8re photo r\u00e9alis\u00e9e par @Crakottine<br \/>\n\u2022 Although cutters are safe for food contact, they can have invisible microcracks where bacteria hide. For safe use, follow these recommendations: wash your hands before and after use, disinfect your cutters in a cold solution after each use, and be sure to bake your cookies at 180\u00b0C minimum \ud83c\udf6a<br \/>\n\u2022 All measurements are in centimetres (cm).<\/p>\n<p>\ud83c\udf38 <strong>Advice:<\/strong><\/p>\n<ul>\n<li><strong>Anti-stick:<\/strong> To prevent your clay from sticking to the cutter, make sure it adheres well to your work surface. You can also dust your clay with corn flour. \u2728<\/li>\n<li><strong>Easy care:<\/strong> : Wash them in warm and soapy water to keep them in perfect condition. \ud83e\uddfd Even though they are heat-resistant up to 60\u00b0C, do not put them in the dishwasher to avoid warping.<\/li>\n<\/ul>\n<\/div>\n<\/div>","protected":false},"excerpt":{"rendered":"<div class=\"woocommerce-product-details__short-description\">\n<p>Give your polymer clay and modeling projects a creative twist with these cutters designed especially for you! \u2728<br \/>\nPerfect for making jewelry, accessories, decorations and much more.<\/p>\n<p>\ud83c\udf38 <strong>Feature:<\/strong><\/p>\n<p>\u2022 <strong>Designs:<\/strong> Designed for ease of use. The top of the clay cutter is thin for clean and precise cutting, minimizing the need of sanding. While the base is wider for a comfortable grip and increased solidity.<br \/>\n\u2022 <strong>Printing in PLA:<\/strong> All models are 3D printed with PLA, a bioplastic made from corn. \ud83c\udf31<br \/>\n\u2022 <strong>Perfect height:<\/strong> Each cutter measures 1.2 cm high, perfect for cutting different thicknesses of clay.<br \/>\n\u2022 <strong>Handcraft: <\/strong>The clay cutters are handmade with care, and may have slight aesthetic flaws that don't affect their functionality, unless otherwise specified.<br \/>\n\u2022 <strong>Certified safety:<\/strong> PLA used is conform to RoHS 2011\/65\/EU and (EU) 2015\/863 and REACH regulations, which means that it does not contain any listed toxic or dangerous substances.<\/p>\n<p>\ud83c\udf38 For more information on this product, take a look at the detailed description below.<\/p>\n<p>\ud83c\udf38 Please feel free to contact me if you need any advice or further information about this product. \ud83d\ude0a<\/p>\n<\/div>","protected":false},"featured_media":9398,"comment_status":"open","ping_status":"closed","template":"","meta":{"_monsterinsights_skip_tracking":false,"_monsterinsights_sitenote_active":false,"_monsterinsights_sitenote_note":"","_monsterinsights_sitenote_category":0,"site-sidebar-layout":"default","site-content-layout":"default","ast-site-content-layout":"default","site-content-style":"default","site-sidebar-style":"default","ast-global-header-display":"","ast-banner-title-visibility":"","ast-main-header-display":"","ast-hfb-above-header-display":"","ast-hfb-below-header-display":"","ast-hfb-mobile-header-display":"","site-post-title":"","ast-breadcrumbs-content":"","ast-featured-img":"","footer-sml-layout":"","ast-disable-related-posts":"","theme-transparent-header-meta":"default","adv-header-id-meta":"","stick-header-meta":"","header-above-stick-meta":"","header-main-stick-meta":"","header-below-stick-meta":"","astra-migrate-meta-layouts":"set","ast-page-background-enabled":"default","ast-page-background-meta":{"desktop":{"background-color":"","background-image":"","background-repeat":"repeat","background-position":"center center","background-size":"auto","background-attachment":"scroll","background-type":"","background-media":"","overlay-type":"","overlay-color":"","overlay-opacity":"","overlay-gradient":""},"tablet":{"background-color":"","background-image":"","background-repeat":"repeat","background-position":"center center","background-size":"auto","background-attachment":"scroll","background-type":"","background-media":"","overlay-type":"","overlay-color":"","overlay-opacity":"","overlay-gradient":""},"mobile":{"background-color":"","background-image":"","background-repeat":"repeat","background-position":"center center","background-size":"auto","background-attachment":"scroll","background-type":"","background-media":"","overlay-type":"","overlay-color":"","overlay-opacity":"","overlay-gradient":""}},"ast-content-background-meta":{"desktop":{"background-color":"var(--ast-global-color-5)","background-image":"","background-repeat":"repeat","background-position":"center center","background-size":"auto","background-attachment":"scroll","background-type":"","background-media":"","overlay-type":"","overlay-color":"","overlay-opacity":"","overlay-gradient":""},"tablet":{"background-color":"var(--ast-global-color-5)","background-image":"","background-repeat":"repeat","background-position":"center center","background-size":"auto","background-attachment":"scroll","background-type":"","background-media":"","overlay-type":"","overlay-color":"","overlay-opacity":"","overlay-gradient":""},"mobile":{"background-color":"var(--ast-global-color-5)","background-image":"","background-repeat":"repeat","background-position":"center center","background-size":"auto","background-attachment":"scroll","background-type":"","background-media":"","overlay-type":"","overlay-color":"","overlay-opacity":"","overlay-gradient":""}},"jetpack_publicize_message":"","jetpack_publicize_feature_enabled":true,"jetpack_social_post_already_shared":true,"jetpack_social_options":{"image_generator_settings":{"template":"highway","default_image_id":0,"font":"","enabled":false},"version":2}},"product_brand":[],"product_cat":[112],"product_tag":[],"class_list":{"0":"post-9476","1":"product","2":"type-product","3":"status-publish","4":"has-post-thumbnail","6":"product_cat-emporte-pieces","7":"desktop-align-center","8":"tablet-align-left","9":"mobile-align-left","11":"first","12":"instock","13":"taxable","14":"shipping-taxable","15":"purchasable","16":"product-type-variable"},"aioseo_notices":[],"jetpack_publicize_connections":[],"_links":{"self":[{"href":"https:\/\/maopika.com\/en\/wp-json\/wp\/v2\/product\/9476","targetHints":{"allow":["GET"]}}],"collection":[{"href":"https:\/\/maopika.com\/en\/wp-json\/wp\/v2\/product"}],"about":[{"href":"https:\/\/maopika.com\/en\/wp-json\/wp\/v2\/types\/product"}],"replies":[{"embeddable":true,"href":"https:\/\/maopika.com\/en\/wp-json\/wp\/v2\/comments?post=9476"}],"version-history":[{"count":3,"href":"https:\/\/maopika.com\/en\/wp-json\/wp\/v2\/product\/9476\/revisions"}],"predecessor-version":[{"id":9485,"href":"https:\/\/maopika.com\/en\/wp-json\/wp\/v2\/product\/9476\/revisions\/9485"}],"wp:featuredmedia":[{"embeddable":true,"href":"https:\/\/maopika.com\/en\/wp-json\/wp\/v2\/media\/9398"}],"wp:attachment":[{"href":"https:\/\/maopika.com\/en\/wp-json\/wp\/v2\/media?parent=9476"}],"wp:term":[{"taxonomy":"product_brand","embeddable":true,"href":"https:\/\/maopika.com\/en\/wp-json\/wp\/v2\/product_brand?post=9476"},{"taxonomy":"product_cat","embeddable":true,"href":"https:\/\/maopika.com\/en\/wp-json\/wp\/v2\/product_cat?post=9476"},{"taxonomy":"product_tag","embeddable":true,"href":"https:\/\/maopika.com\/en\/wp-json\/wp\/v2\/product_tag?post=9476"}],"curies":[{"name":"wp","href":"https:\/\/api.w.org\/{rel}","templated":true}]}}