{"id":9820,"date":"2026-03-03T16:24:50","date_gmt":"2026-03-03T15:24:50","guid":{"rendered":"https:\/\/maopika.com\/?post_type=product&#038;p=9820"},"modified":"2026-04-08T11:55:27","modified_gmt":"2026-04-08T09:55:27","slug":"boucles-doreilles-lune-effet-cristaux-moule","status":"publish","type":"product","link":"https:\/\/maopika.com\/en\/product\/boucles-doreilles-lune-effet-cristaux-moule\/","title":{"rendered":"Boucles d&rsquo;oreilles lune effet cristaux \/ Moule silicone sur commande"},"content":{"rendered":"<div class=\"elementor-element elementor-element-70abd5d elementor-widget elementor-widget-woocommerce-product-content\" data-id=\"70abd5d\" data-element_type=\"widget\" data-widget_type=\"woocommerce-product-content.default\">\n<div class=\"elementor-widget-container\">\n<div class=\"elementor-element elementor-element-70abd5d elementor-widget elementor-widget-woocommerce-product-content\" data-id=\"70abd5d\" data-element_type=\"widget\" data-widget_type=\"woocommerce-product-content.default\">\n<div class=\"elementor-widget-container\">\n<p>\ud83d\udce2 <strong>Please note:<\/strong><\/p>\n<ul>\n<li>Each mold is unique and may have slight variations or minor imperfections that do not affect its use.<\/li>\n<li>For UV resin, be sure to choose translucent silicone.<\/li>\n<li>The creations and objects shown in the photos are not included (they are here to inspire you \ud83d\udcf8).<\/li>\n<li>All dimensions are indicated in centimeters.<\/li>\n<\/ul>\n<p>\ud83c\udf38 <strong>Advice:<\/strong><\/p>\n<ul>\n<li>The edges can be sanded for a cleaner finish.<\/li>\n<li>The use of a release agent is recommended to help with demolding and extend the life of the mold.<\/li>\n<li>To remove dust, a piece of adhesive tape is sufficient. For a more complete cleaning, use warm water and mild soap, then let dry thoroughly.<\/li>\n<li>Avoid direct flames (such as lighters) and solvents or aggressive products to preserve the quality of the silicone.<\/li>\n<\/ul>\n<p>\ud83c\udf38 Feel free to follow me on Instagram @maopiika<\/p>\n<\/div>\n<\/div>\n<\/div>\n<\/div>","protected":false},"excerpt":{"rendered":"<div class=\"elementor-element elementor-element-a4f8f6e elementor-widget elementor-widget-woocommerce-product-short-description\" data-id=\"a4f8f6e\" data-element_type=\"widget\" data-widget_type=\"woocommerce-product-short-description.default\">\n<div class=\"elementor-widget-container\">\n<div class=\"woocommerce-product-details__short-description\">\n<p><strong>Polyvalent silicone molds <\/strong><strong>\u2728<\/strong><\/p>\n<p>Perfect molds to turn all your ideas into reality: jewelry, decorations, accessories... just create everything that inspires you!<\/p>\n<p>\ud83c\udf38 <strong>Information:<\/strong><\/p>\n<ul>\n<li>Chaque moule est fabriqu\u00e9 \u00e0 la main \u00e0 partir d\u2019une matrice avec effet druzy (cristaux), offrant un relief tr\u00e8s d\u00e9taill\u00e9 et textur\u00e9 \u2728Les nombreux d\u00e9tails et asp\u00e9rit\u00e9s rendent le d\u00e9moulage plus d\u00e9licat. Il est recommand\u00e9 de d\u00e9mouler avec pr\u00e9caution afin de pr\u00e9server le motif.<\/li>\n<li>Ideal for use with many materials: resin, polymer clay, wax, plaster, concrete, or low-heat metal.<\/li>\n<li>Temperature-resistant up to 450\u00b0C \ud83d\udd25<\/li>\n<li>Made to order with care, please allow approximately 7 business days for the molds to be made.<\/li>\n<li>Designed for creative use only, not recommended for food products \u26a0\ufe0f<\/li>\n<\/ul>\n<p>\ud83c\udf38 Don't forget to take a look at the detailed description below.<\/p>\n<p>\ud83c\udf38 Please feel free to contact me if you need any advice or further information about this product. \ud83d\ude0a<\/p>\n<\/div>\n<\/div>\n<\/div>","protected":false},"featured_media":9883,"comment_status":"open","ping_status":"closed","template":"","meta":{"_monsterinsights_skip_tracking":false,"_monsterinsights_sitenote_active":false,"_monsterinsights_sitenote_note":"","_monsterinsights_sitenote_category":0,"site-sidebar-layout":"no-sidebar","site-content-layout":"plain-container","ast-site-content-layout":"normal-width-container","site-content-style":"unboxed","site-sidebar-style":"unboxed","ast-global-header-display":"","ast-banner-title-visibility":"","ast-main-header-display":"","ast-hfb-above-header-display":"","ast-hfb-below-header-display":"","ast-hfb-mobile-header-display":"","site-post-title":"disabled","ast-breadcrumbs-content":"","ast-featured-img":"disabled","footer-sml-layout":"","ast-disable-related-posts":"","theme-transparent-header-meta":"default","adv-header-id-meta":"","stick-header-meta":"","header-above-stick-meta":"","header-main-stick-meta":"","header-below-stick-meta":"","astra-migrate-meta-layouts":"set","ast-page-background-enabled":"default","ast-page-background-meta":{"desktop":{"background-color":"","background-image":"","background-repeat":"repeat","background-position":"center center","background-size":"auto","background-attachment":"scroll","background-type":"","background-media":"","overlay-type":"","overlay-color":"","overlay-opacity":"","overlay-gradient":""},"tablet":{"background-color":"","background-image":"","background-repeat":"repeat","background-position":"center center","background-size":"auto","background-attachment":"scroll","background-type":"","background-media":"","overlay-type":"","overlay-color":"","overlay-opacity":"","overlay-gradient":""},"mobile":{"background-color":"","background-image":"","background-repeat":"repeat","background-position":"center center","background-size":"auto","background-attachment":"scroll","background-type":"","background-media":"","overlay-type":"","overlay-color":"","overlay-opacity":"","overlay-gradient":""}},"ast-content-background-meta":{"desktop":{"background-color":"var(--ast-global-color-5)","background-image":"","background-repeat":"repeat","background-position":"center center","background-size":"auto","background-attachment":"scroll","background-type":"","background-media":"","overlay-type":"","overlay-color":"","overlay-opacity":"","overlay-gradient":""},"tablet":{"background-color":"var(--ast-global-color-5)","background-image":"","background-repeat":"repeat","background-position":"center center","background-size":"auto","background-attachment":"scroll","background-type":"","background-media":"","overlay-type":"","overlay-color":"","overlay-opacity":"","overlay-gradient":""},"mobile":{"background-color":"var(--ast-global-color-5)","background-image":"","background-repeat":"repeat","background-position":"center center","background-size":"auto","background-attachment":"scroll","background-type":"","background-media":"","overlay-type":"","overlay-color":"","overlay-opacity":"","overlay-gradient":""}},"jetpack_publicize_message":"","jetpack_publicize_feature_enabled":true,"jetpack_social_post_already_shared":true,"jetpack_social_options":{"image_generator_settings":{"template":"highway","default_image_id":0,"font":"","enabled":false},"version":2}},"product_brand":[],"product_cat":[25,52,67],"product_tag":[],"class_list":{"0":"post-9820","1":"product","2":"type-product","3":"status-publish","4":"has-post-thumbnail","6":"product_cat-moules","7":"product_cat-solide","8":"product_cat-boucles-doreilles-pendentif","9":"desktop-align-center","10":"tablet-align-left","11":"mobile-align-left","13":"first","14":"instock","15":"taxable","16":"shipping-taxable","17":"purchasable","18":"product-type-variable"},"aioseo_notices":[],"jetpack_publicize_connections":[],"_links":{"self":[{"href":"https:\/\/maopika.com\/en\/wp-json\/wp\/v2\/product\/9820","targetHints":{"allow":["GET"]}}],"collection":[{"href":"https:\/\/maopika.com\/en\/wp-json\/wp\/v2\/product"}],"about":[{"href":"https:\/\/maopika.com\/en\/wp-json\/wp\/v2\/types\/product"}],"replies":[{"embeddable":true,"href":"https:\/\/maopika.com\/en\/wp-json\/wp\/v2\/comments?post=9820"}],"version-history":[{"count":4,"href":"https:\/\/maopika.com\/en\/wp-json\/wp\/v2\/product\/9820\/revisions"}],"predecessor-version":[{"id":9884,"href":"https:\/\/maopika.com\/en\/wp-json\/wp\/v2\/product\/9820\/revisions\/9884"}],"wp:featuredmedia":[{"embeddable":true,"href":"https:\/\/maopika.com\/en\/wp-json\/wp\/v2\/media\/9883"}],"wp:attachment":[{"href":"https:\/\/maopika.com\/en\/wp-json\/wp\/v2\/media?parent=9820"}],"wp:term":[{"taxonomy":"product_brand","embeddable":true,"href":"https:\/\/maopika.com\/en\/wp-json\/wp\/v2\/product_brand?post=9820"},{"taxonomy":"product_cat","embeddable":true,"href":"https:\/\/maopika.com\/en\/wp-json\/wp\/v2\/product_cat?post=9820"},{"taxonomy":"product_tag","embeddable":true,"href":"https:\/\/maopika.com\/en\/wp-json\/wp\/v2\/product_tag?post=9820"}],"curies":[{"name":"wp","href":"https:\/\/api.w.org\/{rel}","templated":true}]}}